{"id":1984,"date":"2025-03-19T09:34:08","date_gmt":"2025-03-19T07:34:08","guid":{"rendered":"https:\/\/4h-jewellery-tutorials.com\/product\/tutorial-8-strukturen-schmieden\/"},"modified":"2025-03-19T09:45:30","modified_gmt":"2025-03-19T07:45:30","slug":"tutorial-8-strukturen-schmieden","status":"publish","type":"product","link":"https:\/\/4h-jewellery-tutorials.com\/de\/produkt\/tutorial-8-strukturen-schmieden\/","title":{"rendered":"Tutorial # 8: Strukturen schmieden (Hammerschlag)"},"content":{"rendered":"<p>Die <strong data-start=\"165\" data-end=\"187\">Hammerschlagtechnik<\/strong> ist eine klassische Methode zur Behandlung der Oberfl\u00e4chen von <strong data-start=\"237\" data-end=\"247\">Silber<\/strong>, <strong data-start=\"249\" data-end=\"257\">Gold<\/strong> und <strong data-start=\"263\" data-end=\"275\">Platin<\/strong> mit einem <strong data-start=\"284\" data-end=\"302\">Schmiedehammer<\/strong> oder <strong data-start=\"306\" data-end=\"326\">Kugelhammer<\/strong>. Dieses Verfahren erzeugt eine unverwechselbare Oberfl\u00e4chenstruktur, die als <strong data-start=\"390\" data-end=\"409\">geh\u00e4mmert<\/strong> bezeichnet wird. Es ist ideal zum <strong data-start=\"426\" data-end=\"440\">Verzieren<\/strong> und <strong data-start=\"445\" data-end=\"458\">Strukturieren<\/strong> von Edelmetallen. Der Prozess kann mehrmals wiederholt werden, mit <strong data-start=\"524\" data-end=\"550\">zwischenzeitlichem Gl\u00fchen<\/strong>, um eine feinere oder ausgepr\u00e4gtere Textur zu erzielen. Indem Sie die Intensit\u00e4t des <strong data-start=\"631\" data-end=\"644\">H\u00e4mmerns<\/strong> variieren, k\u00f6nnen Sie die <strong data-start=\"650\" data-end=\"664\">Korngr\u00f6\u00dfe<\/strong> des Metalls ver\u00e4ndern und so verschiedene visuelle Effekte und Texturen erzeugen. Diese vielseitige Technik bleibt zeitlos in der <strong data-start=\"788\" data-end=\"804\">Metallbearbeitung<\/strong> und <strong data-start=\"809\" data-end=\"827\">Schmuckherstellung<\/strong>.     <\/p>\n","protected":false},"excerpt":{"rendered":"<p>Die Hammerschlagtechnik verwendet einen Schmiede- oder Kugelhammer, um einzigartige Texturen auf Silber, Gold und Platin zu erzeugen. Sie ist ideal f\u00fcr die Dekoration und Texturierung von Metallen, wobei die unterschiedliche Kraft die Korngr\u00f6\u00dfe f\u00fcr verschiedene Effekte ver\u00e4ndert. Perfekt f\u00fcr Schmuckdesign und Metallbearbeitung. [...]<\/p>","protected":false},"featured_media":1988,"template":"","meta":{"_acf_changed":false,"site-sidebar-layout":"default","site-content-layout":"","ast-site-content-layout":"default","site-content-style":"default","site-sidebar-style":"default","ast-global-header-display":"","ast-banner-title-visibility":"","ast-main-header-display":"","ast-hfb-above-header-display":"","ast-hfb-below-header-display":"","ast-hfb-mobile-header-display":"","site-post-title":"","ast-breadcrumbs-content":"","ast-featured-img":"","footer-sml-layout":"","ast-disable-related-posts":"","theme-transparent-header-meta":"default","adv-header-id-meta":"","stick-header-meta":"","header-above-stick-meta":"","header-main-stick-meta":"","header-below-stick-meta":"","astra-migrate-meta-layouts":"default","ast-page-background-enabled":"default","ast-page-background-meta":{"desktop":{"background-color":"var(--ast-global-color-4)","background-image":"","background-repeat":"repeat","background-position":"center center","background-size":"auto","background-attachment":"scroll","background-type":"","background-media":"","overlay-type":"","overlay-color":"","overlay-opacity":"","overlay-gradient":""},"tablet":{"background-color":"","background-image":"","background-repeat":"repeat","background-position":"center center","background-size":"auto","background-attachment":"scroll","background-type":"","background-media":"","overlay-type":"","overlay-color":"","overlay-opacity":"","overlay-gradient":""},"mobile":{"background-color":"","background-image":"","background-repeat":"repeat","background-position":"center center","background-size":"auto","background-attachment":"scroll","background-type":"","background-media":"","overlay-type":"","overlay-color":"","overlay-opacity":"","overlay-gradient":""}},"ast-content-background-meta":{"desktop":{"background-color":"var(--ast-global-color-5)","background-image":"","background-repeat":"repeat","background-position":"center center","background-size":"auto","background-attachment":"scroll","background-type":"","background-media":"","overlay-type":"","overlay-color":"","overlay-opacity":"","overlay-gradient":""},"tablet":{"background-color":"var(--ast-global-color-5)","background-image":"","background-repeat":"repeat","background-position":"center center","background-size":"auto","background-attachment":"scroll","background-type":"","background-media":"","overlay-type":"","overlay-color":"","overlay-opacity":"","overlay-gradient":""},"mobile":{"background-color":"var(--ast-global-color-5)","background-image":"","background-repeat":"repeat","background-position":"center center","background-size":"auto","background-attachment":"scroll","background-type":"","background-media":"","overlay-type":"","overlay-color":"","overlay-opacity":"","overlay-gradient":""}}},"product_brand":[],"product_cat":[55],"product_tag":[],"class_list":{"0":"post-1984","1":"product","2":"type-product","3":"status-publish","4":"has-post-thumbnail","6":"product_cat-grundlagen","7":"desktop-align-left","8":"tablet-align-left","9":"mobile-align-left","11":"first","12":"instock","13":"virtual","14":"taxable","15":"purchasable","16":"product-type-simple"},"acf":[],"_links":{"self":[{"href":"https:\/\/4h-jewellery-tutorials.com\/de\/wp-json\/wp\/v2\/product\/1984","targetHints":{"allow":["GET"]}}],"collection":[{"href":"https:\/\/4h-jewellery-tutorials.com\/de\/wp-json\/wp\/v2\/product"}],"about":[{"href":"https:\/\/4h-jewellery-tutorials.com\/de\/wp-json\/wp\/v2\/types\/product"}],"wp:featuredmedia":[{"embeddable":true,"href":"https:\/\/4h-jewellery-tutorials.com\/de\/wp-json\/wp\/v2\/media\/1988"}],"wp:attachment":[{"href":"https:\/\/4h-jewellery-tutorials.com\/de\/wp-json\/wp\/v2\/media?parent=1984"}],"wp:term":[{"taxonomy":"product_brand","embeddable":true,"href":"https:\/\/4h-jewellery-tutorials.com\/de\/wp-json\/wp\/v2\/product_brand?post=1984"},{"taxonomy":"product_cat","embeddable":true,"href":"https:\/\/4h-jewellery-tutorials.com\/de\/wp-json\/wp\/v2\/product_cat?post=1984"},{"taxonomy":"product_tag","embeddable":true,"href":"https:\/\/4h-jewellery-tutorials.com\/de\/wp-json\/wp\/v2\/product_tag?post=1984"}],"curies":[{"name":"wp","href":"https:\/\/api.w.org\/{rel}","templated":true}]}}