{"id":1682,"date":"2024-12-29T20:29:33","date_gmt":"2024-12-29T18:29:33","guid":{"rendered":"https:\/\/4h-jewellery-tutorials.com\/product\/tutorial-2-ricottura-dei-metalli-preziosi\/"},"modified":"2025-03-11T13:09:04","modified_gmt":"2025-03-11T11:09:04","slug":"tutorial-2-ricottura-dei-metalli-preziosi","status":"publish","type":"product","link":"https:\/\/4h-jewellery-tutorials.com\/it\/prodotto\/tutorial-2-ricottura-dei-metalli-preziosi\/","title":{"rendered":"Tutorial # 2: Ricottura dei metalli preziosi"},"content":{"rendered":"<p data-start=\"108\" data-end=\"575\">La <strong data-start=\"108\" data-end=\"121\">ricottura<\/strong> \u00e8 un processo essenziale nell&#8217;<strong data-start=\"149\" data-end=\"165\">oreficeria<\/strong> che consente ai <strong data-start=\"178\" data-end=\"188\">metalli<\/strong> come l&#8217;<strong data-start=\"194\" data-end=\"202\">oro<\/strong>, l&#8217;<strong data-start=\"204\" data-end=\"214\">argento<\/strong> e il <strong data-start=\"220\" data-end=\"232\">platino<\/strong> di essere rimodellati dopo la piegatura o la forgiatura. Quando questi <strong data-start=\"285\" data-end=\"295\" data-is-only-node=\"\">metalli<\/strong> vengono lavorati, si induriscono, rendendo difficile continuare a modellarli. Durante la <strong data-start=\"374\" data-end=\"387\">ricottura<\/strong>, il materiale viene riscaldato fino a diventare <strong data-start=\"427\" data-end=\"434\">rosso<\/strong> o <strong data-start=\"438\" data-end=\"448\">arancione<\/strong> e poi raffreddato rapidamente, di solito in <strong data-start=\"485\" data-end=\"494\">acqua<\/strong>. Questo processo ammorbidisce nuovamente il <strong data-start=\"521\" data-end=\"530\">metallo<\/strong>, rendendolo malleabile per ulteriori lavorazioni.   <\/p>\n<p data-start=\"577\" data-end=\"970\">La ricottura aiuta a <strong>ridurre le tensioni interne<\/strong> del <strong data-start=\"627\" data-end=\"636\">metallo<\/strong>, evitando crepe o rotture durante la successiva modellatura. Inoltre, facilita la <strong data-start=\"707\" data-end=\"720\">saldatura<\/strong> e consente una migliore struttura e finitura della superficie, conferendo al pezzo l&#8217;aspetto desiderato. Ogni <strong data-start=\"821\" data-end=\"830\">metallo<\/strong> ha una propria <strong>temperatura ottimale<\/strong> per la ricottura; l&#8217;<strong data-start=\"887\" data-end=\"895\">oro<\/strong> in genere viene riscaldato tra <strong data-start=\"930\" data-end=\"949\" data-is-only-node=\"\">430\u00b0C e 595\u00b0C<\/strong> (800\u00b0F e 1.100\u00b0F).  <\/p>\n<p data-start=\"972\" data-end=\"1177\">Per <strong data-start=\"976\" data-end=\"986\">sicurezza<\/strong>, deve sempre indossare <strong data-start=\"988\" data-end=\"1013\">guanti<\/strong> e <strong data-start=\"1018\" data-end=\"1029\">occhiali<\/strong> <strong data-start=\"988\" data-end=\"1013\">resistenti al calore<\/strong> e lavorare in un&#8217;area ben ventilata. Occorre inoltre prestare attenzione quando si spegne il <strong data-start=\"1152\" data-end=\"1161\">metallo<\/strong> per evitare ustioni. <\/p>\n","protected":false},"excerpt":{"rendered":"<p>La piegatura o la forgiatura indurisce l&#8217;oro, l&#8217;argento e il platino. A un certo punto, il materiale diventa cos\u00ec duro da non poter pi\u00f9 essere forgiato o piegato. Ci\u00f2 significa che deve essere nuovamente ricotto &#8211; noto anche come ricottura intermedia. Il materiale viene riscaldato con una fiamma fino a quando non si vede un bagliore rosso o arancione nel materiale. Il metallo prezioso viene poi raffreddato in acqua. [...]<\/p>","protected":false},"featured_media":1654,"template":"","meta":{"_acf_changed":false,"site-sidebar-layout":"default","site-content-layout":"","ast-site-content-layout":"default","site-content-style":"default","site-sidebar-style":"default","ast-global-header-display":"","ast-banner-title-visibility":"","ast-main-header-display":"","ast-hfb-above-header-display":"","ast-hfb-below-header-display":"","ast-hfb-mobile-header-display":"","site-post-title":"","ast-breadcrumbs-content":"","ast-featured-img":"","footer-sml-layout":"","ast-disable-related-posts":"","theme-transparent-header-meta":"default","adv-header-id-meta":"","stick-header-meta":"","header-above-stick-meta":"","header-main-stick-meta":"","header-below-stick-meta":"","astra-migrate-meta-layouts":"default","ast-page-background-enabled":"default","ast-page-background-meta":{"desktop":{"background-color":"var(--ast-global-color-4)","background-image":"","background-repeat":"repeat","background-position":"center center","background-size":"auto","background-attachment":"scroll","background-type":"","background-media":"","overlay-type":"","overlay-color":"","overlay-opacity":"","overlay-gradient":""},"tablet":{"background-color":"","background-image":"","background-repeat":"repeat","background-position":"center center","background-size":"auto","background-attachment":"scroll","background-type":"","background-media":"","overlay-type":"","overlay-color":"","overlay-opacity":"","overlay-gradient":""},"mobile":{"background-color":"","background-image":"","background-repeat":"repeat","background-position":"center center","background-size":"auto","background-attachment":"scroll","background-type":"","background-media":"","overlay-type":"","overlay-color":"","overlay-opacity":"","overlay-gradient":""}},"ast-content-background-meta":{"desktop":{"background-color":"var(--ast-global-color-5)","background-image":"","background-repeat":"repeat","background-position":"center center","background-size":"auto","background-attachment":"scroll","background-type":"","background-media":"","overlay-type":"","overlay-color":"","overlay-opacity":"","overlay-gradient":""},"tablet":{"background-color":"var(--ast-global-color-5)","background-image":"","background-repeat":"repeat","background-position":"center center","background-size":"auto","background-attachment":"scroll","background-type":"","background-media":"","overlay-type":"","overlay-color":"","overlay-opacity":"","overlay-gradient":""},"mobile":{"background-color":"var(--ast-global-color-5)","background-image":"","background-repeat":"repeat","background-position":"center center","background-size":"auto","background-attachment":"scroll","background-type":"","background-media":"","overlay-type":"","overlay-color":"","overlay-opacity":"","overlay-gradient":""}}},"product_brand":[],"product_cat":[65],"product_tag":[],"class_list":{"0":"post-1682","1":"product","2":"type-product","3":"status-publish","4":"has-post-thumbnail","6":"product_cat-nozioni-base","7":"desktop-align-left","8":"tablet-align-left","9":"mobile-align-left","11":"first","12":"instock","13":"virtual","14":"taxable","15":"purchasable","16":"product-type-simple"},"acf":[],"_links":{"self":[{"href":"https:\/\/4h-jewellery-tutorials.com\/it\/wp-json\/wp\/v2\/product\/1682","targetHints":{"allow":["GET"]}}],"collection":[{"href":"https:\/\/4h-jewellery-tutorials.com\/it\/wp-json\/wp\/v2\/product"}],"about":[{"href":"https:\/\/4h-jewellery-tutorials.com\/it\/wp-json\/wp\/v2\/types\/product"}],"wp:featuredmedia":[{"embeddable":true,"href":"https:\/\/4h-jewellery-tutorials.com\/it\/wp-json\/wp\/v2\/media\/1654"}],"wp:attachment":[{"href":"https:\/\/4h-jewellery-tutorials.com\/it\/wp-json\/wp\/v2\/media?parent=1682"}],"wp:term":[{"taxonomy":"product_brand","embeddable":true,"href":"https:\/\/4h-jewellery-tutorials.com\/it\/wp-json\/wp\/v2\/product_brand?post=1682"},{"taxonomy":"product_cat","embeddable":true,"href":"https:\/\/4h-jewellery-tutorials.com\/it\/wp-json\/wp\/v2\/product_cat?post=1682"},{"taxonomy":"product_tag","embeddable":true,"href":"https:\/\/4h-jewellery-tutorials.com\/it\/wp-json\/wp\/v2\/product_tag?post=1682"}],"curies":[{"name":"wp","href":"https:\/\/api.w.org\/{rel}","templated":true}]}}