{"id":1768,"date":"2025-02-18T18:44:12","date_gmt":"2025-02-18T16:44:12","guid":{"rendered":"https:\/\/4h-jewellery-tutorials.com\/product\/tutorial-4-welding-of-precious-metals\/"},"modified":"2025-03-13T10:38:09","modified_gmt":"2025-03-13T08:38:09","slug":"tutorial-4-fusione-di-metalli-preziosi","status":"publish","type":"product","link":"https:\/\/4h-jewellery-tutorials.com\/it\/prodotto\/tutorial-4-fusione-di-metalli-preziosi\/","title":{"rendered":"Tutorial # 4: Fusione di metalli preziosi"},"content":{"rendered":"<p data-start=\"0\" data-end=\"570\">La fusione gioca un ruolo fondamentale nell&#8217;<strong data-start=\"36\" data-end=\"63\">arte della creazione di gioielli<\/strong>, offrendo un metodo distintivo per unire i <strong data-start=\"106\" data-end=\"125\">metalli preziosi senza<\/strong>dover ricorrere alla <strong data-start=\"147\" data-end=\"160\">saldatura<\/strong>. Questa tecnica utilizza il <strong data-start=\"186\" data-end=\"194\">flusso<\/strong>, che facilita la fusione di due metalli creando un ambiente che impedisce l&#8217;<strong data-start=\"280\" data-end=\"293\">ossidazione<\/strong> durante il processo di riscaldamento. Quando viene applicata, i metalli vengono posizionati direttamente l&#8217;uno sull&#8217;altro e, con l&#8217;introduzione graduale del calore, la superficie dei materiali inizia a liquefarsi. Questo permette ai due pezzi di <strong data-start=\"504\" data-end=\"523\">unirsi senza soluzione di continuit\u00e0<\/strong>, creando un <strong data-start=\"547\" data-end=\"569\">legame forte e duraturo<\/strong>.   <\/p>\n<p data-start=\"572\" data-end=\"1222\">A differenza della <strong data-start=\"591\" data-end=\"604\">saldatura<\/strong> tradizionale, la <strong data-start=\"606\" data-end=\"617\">fusione<\/strong> non richiede alcun <strong data-start=\"639\" data-end=\"658\">materiale di riempimento<\/strong>. I metalli stessi vengono fusi in superficie per formare un fissaggio sicuro, il che pu\u00f2 essere particolarmente vantaggioso quando si lavora con <strong data-start=\"809\" data-end=\"831\">materiali<\/strong> delicati o preziosi, come <strong data-start=\"841\" data-end=\"854\">l&#8217;oro<\/strong> o l<strong data-start=\"858\" data-end=\"873\">&#8216;argento<\/strong>. Questo metodo non solo preserva l&#8217;integrit\u00e0 dei metalli, ma consente anche di creare disegni intricati con un rischio minimo di distorsione o di cuciture antiestetiche. Tuttavia, \u00e8 necessario un certo livello di abilit\u00e0 e di precisione, in quanto il calore deve essere attentamente controllato per garantire che i pezzi si incollino correttamente senza causare deformazioni eccessive.   <\/p>\n<p data-start=\"1224\" data-end=\"1720\">Uno degli aspetti pi\u00f9 interessanti della <strong data-start=\"1260\" data-end=\"1271\">fusione<\/strong> \u00e8 la sua versatilit\u00e0. La tecnica non \u00e8 limitata ad un solo tipo di metallo; infatti, pu\u00f2 essere applicata con successo tra metalli diversi. Ad esempio, l&#8217;<strong data-start=\"1427\" data-end=\"1440\">oro pregiato<\/strong> pu\u00f2 essere saldato all&#8217;<strong data-start=\"1458\" data-end=\"1473\">argento pregiato<\/strong>, aprendo una vasta gamma di possibilit\u00e0 creative per i <strong data-start=\"1529\" data-end=\"1541\">gioiellieri<\/strong>. La capacit\u00e0 di combinare materiali diversi in un unico pezzo permette di esplorare colori e texture contrastanti, aggiungendo profondit\u00e0 e interesse visivo al design finale.   <\/p>\n<p data-start=\"1722\" data-end=\"2361\" data-is-last-node=\"\" data-is-only-node=\"\">Anche se la <strong data-start=\"1728\" data-end=\"1739\">fusione<\/strong> pu\u00f2 essere considerata un po&#8217; sperimentale, il suo utilizzo nella <strong data-start=\"1792\" data-end=\"1810\">creazione di gioielli<\/strong> \u00e8 diventato sempre pi\u00f9 popolare grazie alla sua capacit\u00e0 di creare giunzioni senza soluzione di continuit\u00e0, quasi invisibili. Questo metodo \u00e8 particolarmente prezioso nella <strong data-start=\"1947\" data-end=\"1976\">creazione di gioielli di alta gamma<\/strong>, dove l&#8217;attenzione \u00e8 rivolta a mantenere la <strong data-start=\"2016\" data-end=\"2040\">purezza dei metalli<\/strong> e a ottenere una finitura impeccabile. Come per qualsiasi altro mestiere intricato, la padronanza del <strong data-start=\"2118\" data-end=\"2137\">processo di fusione<\/strong> richiede pratica, pazienza e una profonda comprensione di come i diversi metalli rispondono al calore. Tuttavia, se eseguito correttamente, pu\u00f2 dare risultati sorprendenti che elevano un gioiello al livello successivo di artigianalit\u00e0.   <\/p>\n","protected":false},"excerpt":{"rendered":"<p>L&#8217;unione di 2 metalli preziosi senza saldatura, utilizzando il flusso. I due pezzi vengono posizionati l&#8217;uno sull&#8217;altro e riscaldati fino a quando la superficie diventa liquida e quindi incollata. Non si pu\u00f2 escludere una modifica della forma dei pezzi. L&#8217;intero processo \u00e8 pi\u00f9 o meno sperimentale ed \u00e8 possibile anche tra metalli diversi. Ad esempio, oro fino su argento fino. [...]<\/p>","protected":false},"featured_media":1765,"template":"","meta":{"_acf_changed":false,"site-sidebar-layout":"default","site-content-layout":"","ast-site-content-layout":"default","site-content-style":"default","site-sidebar-style":"default","ast-global-header-display":"","ast-banner-title-visibility":"","ast-main-header-display":"","ast-hfb-above-header-display":"","ast-hfb-below-header-display":"","ast-hfb-mobile-header-display":"","site-post-title":"","ast-breadcrumbs-content":"","ast-featured-img":"","footer-sml-layout":"","ast-disable-related-posts":"","theme-transparent-header-meta":"default","adv-header-id-meta":"","stick-header-meta":"","header-above-stick-meta":"","header-main-stick-meta":"","header-below-stick-meta":"","astra-migrate-meta-layouts":"default","ast-page-background-enabled":"default","ast-page-background-meta":{"desktop":{"background-color":"var(--ast-global-color-4)","background-image":"","background-repeat":"repeat","background-position":"center center","background-size":"auto","background-attachment":"scroll","background-type":"","background-media":"","overlay-type":"","overlay-color":"","overlay-opacity":"","overlay-gradient":""},"tablet":{"background-color":"","background-image":"","background-repeat":"repeat","background-position":"center center","background-size":"auto","background-attachment":"scroll","background-type":"","background-media":"","overlay-type":"","overlay-color":"","overlay-opacity":"","overlay-gradient":""},"mobile":{"background-color":"","background-image":"","background-repeat":"repeat","background-position":"center center","background-size":"auto","background-attachment":"scroll","background-type":"","background-media":"","overlay-type":"","overlay-color":"","overlay-opacity":"","overlay-gradient":""}},"ast-content-background-meta":{"desktop":{"background-color":"var(--ast-global-color-5)","background-image":"","background-repeat":"repeat","background-position":"center center","background-size":"auto","background-attachment":"scroll","background-type":"","background-media":"","overlay-type":"","overlay-color":"","overlay-opacity":"","overlay-gradient":""},"tablet":{"background-color":"var(--ast-global-color-5)","background-image":"","background-repeat":"repeat","background-position":"center center","background-size":"auto","background-attachment":"scroll","background-type":"","background-media":"","overlay-type":"","overlay-color":"","overlay-opacity":"","overlay-gradient":""},"mobile":{"background-color":"var(--ast-global-color-5)","background-image":"","background-repeat":"repeat","background-position":"center center","background-size":"auto","background-attachment":"scroll","background-type":"","background-media":"","overlay-type":"","overlay-color":"","overlay-opacity":"","overlay-gradient":""}}},"product_brand":[],"product_cat":[65],"product_tag":[],"class_list":{"0":"post-1768","1":"product","2":"type-product","3":"status-publish","4":"has-post-thumbnail","6":"product_cat-nozioni-base","7":"desktop-align-left","8":"tablet-align-left","9":"mobile-align-left","11":"first","12":"instock","13":"virtual","14":"taxable","15":"purchasable","16":"product-type-simple"},"acf":[],"_links":{"self":[{"href":"https:\/\/4h-jewellery-tutorials.com\/it\/wp-json\/wp\/v2\/product\/1768","targetHints":{"allow":["GET"]}}],"collection":[{"href":"https:\/\/4h-jewellery-tutorials.com\/it\/wp-json\/wp\/v2\/product"}],"about":[{"href":"https:\/\/4h-jewellery-tutorials.com\/it\/wp-json\/wp\/v2\/types\/product"}],"wp:featuredmedia":[{"embeddable":true,"href":"https:\/\/4h-jewellery-tutorials.com\/it\/wp-json\/wp\/v2\/media\/1765"}],"wp:attachment":[{"href":"https:\/\/4h-jewellery-tutorials.com\/it\/wp-json\/wp\/v2\/media?parent=1768"}],"wp:term":[{"taxonomy":"product_brand","embeddable":true,"href":"https:\/\/4h-jewellery-tutorials.com\/it\/wp-json\/wp\/v2\/product_brand?post=1768"},{"taxonomy":"product_cat","embeddable":true,"href":"https:\/\/4h-jewellery-tutorials.com\/it\/wp-json\/wp\/v2\/product_cat?post=1768"},{"taxonomy":"product_tag","embeddable":true,"href":"https:\/\/4h-jewellery-tutorials.com\/it\/wp-json\/wp\/v2\/product_tag?post=1768"}],"curies":[{"name":"wp","href":"https:\/\/api.w.org\/{rel}","templated":true}]}}