{"id":1919,"date":"2025-03-13T11:02:16","date_gmt":"2025-03-13T09:02:16","guid":{"rendered":"https:\/\/4h-jewellery-tutorials.com\/product\/tutorial-6-forgiatura-piatta-e-sottile\/"},"modified":"2025-03-13T11:02:16","modified_gmt":"2025-03-13T09:02:16","slug":"tutorial-6-forgiatura-piatta-e-sottile","status":"publish","type":"product","link":"https:\/\/4h-jewellery-tutorials.com\/it\/prodotto\/tutorial-6-forgiatura-piatta-e-sottile\/","title":{"rendered":"Tutorial # 6: Forgiatura piatta e sottile"},"content":{"rendered":"<p data-start=\"0\" data-end=\"380\"><strong data-start=\"0\" data-end=\"18\">La forgiatura dei metalli<\/strong> per renderli pi\u00f9 sottili e piatti \u00e8 una tecnica chiave dell&#8217;<strong data-start=\"71\" data-end=\"87\">oreficeria<\/strong>, che consente ai gioiellieri di modellare <strong data-start=\"116\" data-end=\"135\" data-is-only-node=\"\">metalli preziosi<\/strong> come l&#8217;<strong data-start=\"141\" data-end=\"149\">oro<\/strong>, l&#8217;<strong data-start=\"151\" data-end=\"161\">argento<\/strong> e il <strong data-start=\"167\" data-end=\"179\">platino<\/strong> in disegni intricati. Questo processo comporta l&#8217;applicazione di una pressione controllata sul metallo, facendolo espandere e assottigliare, il che \u00e8 essenziale per ottenere forme e dimensioni specifiche nei gioielli. <\/p>\n<p data-start=\"382\" data-end=\"908\">Quando il metallo viene martellato o pressato, si indurisce, guadagnando forza. Per evitare la fragilit\u00e0, il materiale deve essere <strong data-start=\"494\" data-end=\"506\">ricotto <\/strong>a una temperatura specifica per ammorbidirlo di nuovo. Questo ciclo di <strong data-start=\"574\" data-end=\"585\">forgiatura<\/strong> e <strong data-start=\"590\" data-end=\"603\">ricottura<\/strong> viene ripetuto fino a raggiungere lo spessore e la forma desiderati. Maggiore \u00e8 la purezza del metallo, come l&#8217;<strong data-start=\"711\" data-end=\"724\">oro fino<\/strong> o l&#8217;<strong data-start=\"728\" data-end=\"747\">argento sterling<\/strong>, pi\u00f9 facile diventa il processo di forgiatura. Al contrario, i metalli di minore purezza, come l&#8217;<strong data-start=\"827\" data-end=\"843\">oro a 8 carati<\/strong>, sono pi\u00f9 duri e fragili e richiedono maggiore attenzione durante la forgiatura.    <\/p>\n<p data-start=\"910\" data-end=\"1355\" data-is-last-node=\"\" data-is-only-node=\"\">Oltre a modellare, la <strong data-start=\"926\" data-end=\"937\">forgiatura<\/strong> rafforza anche il metallo, rendendolo pi\u00f9 durevole, il che \u00e8 fondamentale per creare <strong data-start=\"1020\" data-end=\"1044\">gioielli di lunga durata<\/strong>. Che si tratti di una filigrana delicata, di un&#8217;intricata lavorazione a filo o di fasce robuste, la forgiatura offre flessibilit\u00e0 e precisione nella creazione di gioielli. Questa tecnica \u00e8 fondamentale nell&#8217;<strong data-start=\"1207\" data-end=\"1223\">oreficeria<\/strong>, in quanto consente agli artigiani di creare pezzi belli e durevoli, trasformando il metallo grezzo in <strong data-start=\"1320\" data-end=\"1354\">gioielli di alta qualit\u00e0 e senza tempo<\/strong>.  <\/p>\n","protected":false},"excerpt":{"rendered":"<p>I metalli preziosi possono essere modellati attraverso la forgiatura per ottenere la forma desiderata. La forgiatura fa s\u00ec che l&#8217;oro, l&#8217;argento o il platino si espandano e diventino pi\u00f9 sottili o piatti. Durante il processo di forgiatura, il materiale si indurisce e poi viene ricotto per riacquistare la sua morbidezza. Questo processo pu\u00f2 essere ripetuto pi\u00f9 volte fino a raggiungere la dimensione o lo spessore desiderato. Pi\u00f9 alta \u00e8 la qualit\u00e0 del metallo prezioso, pi\u00f9 facile diventa questo processo. [...]<\/p>","protected":false},"featured_media":1914,"template":"","meta":{"_acf_changed":false,"site-sidebar-layout":"default","site-content-layout":"","ast-site-content-layout":"default","site-content-style":"default","site-sidebar-style":"default","ast-global-header-display":"","ast-banner-title-visibility":"","ast-main-header-display":"","ast-hfb-above-header-display":"","ast-hfb-below-header-display":"","ast-hfb-mobile-header-display":"","site-post-title":"","ast-breadcrumbs-content":"","ast-featured-img":"","footer-sml-layout":"","ast-disable-related-posts":"","theme-transparent-header-meta":"default","adv-header-id-meta":"","stick-header-meta":"","header-above-stick-meta":"","header-main-stick-meta":"","header-below-stick-meta":"","astra-migrate-meta-layouts":"default","ast-page-background-enabled":"default","ast-page-background-meta":{"desktop":{"background-color":"var(--ast-global-color-4)","background-image":"","background-repeat":"repeat","background-position":"center center","background-size":"auto","background-attachment":"scroll","background-type":"","background-media":"","overlay-type":"","overlay-color":"","overlay-opacity":"","overlay-gradient":""},"tablet":{"background-color":"","background-image":"","background-repeat":"repeat","background-position":"center center","background-size":"auto","background-attachment":"scroll","background-type":"","background-media":"","overlay-type":"","overlay-color":"","overlay-opacity":"","overlay-gradient":""},"mobile":{"background-color":"","background-image":"","background-repeat":"repeat","background-position":"center center","background-size":"auto","background-attachment":"scroll","background-type":"","background-media":"","overlay-type":"","overlay-color":"","overlay-opacity":"","overlay-gradient":""}},"ast-content-background-meta":{"desktop":{"background-color":"var(--ast-global-color-5)","background-image":"","background-repeat":"repeat","background-position":"center center","background-size":"auto","background-attachment":"scroll","background-type":"","background-media":"","overlay-type":"","overlay-color":"","overlay-opacity":"","overlay-gradient":""},"tablet":{"background-color":"var(--ast-global-color-5)","background-image":"","background-repeat":"repeat","background-position":"center center","background-size":"auto","background-attachment":"scroll","background-type":"","background-media":"","overlay-type":"","overlay-color":"","overlay-opacity":"","overlay-gradient":""},"mobile":{"background-color":"var(--ast-global-color-5)","background-image":"","background-repeat":"repeat","background-position":"center center","background-size":"auto","background-attachment":"scroll","background-type":"","background-media":"","overlay-type":"","overlay-color":"","overlay-opacity":"","overlay-gradient":""}}},"product_brand":[],"product_cat":[65],"product_tag":[],"class_list":{"0":"post-1919","1":"product","2":"type-product","3":"status-publish","4":"has-post-thumbnail","6":"product_cat-nozioni-base","7":"desktop-align-left","8":"tablet-align-left","9":"mobile-align-left","11":"first","12":"instock","13":"virtual","14":"taxable","15":"purchasable","16":"product-type-simple"},"acf":[],"_links":{"self":[{"href":"https:\/\/4h-jewellery-tutorials.com\/it\/wp-json\/wp\/v2\/product\/1919","targetHints":{"allow":["GET"]}}],"collection":[{"href":"https:\/\/4h-jewellery-tutorials.com\/it\/wp-json\/wp\/v2\/product"}],"about":[{"href":"https:\/\/4h-jewellery-tutorials.com\/it\/wp-json\/wp\/v2\/types\/product"}],"wp:featuredmedia":[{"embeddable":true,"href":"https:\/\/4h-jewellery-tutorials.com\/it\/wp-json\/wp\/v2\/media\/1914"}],"wp:attachment":[{"href":"https:\/\/4h-jewellery-tutorials.com\/it\/wp-json\/wp\/v2\/media?parent=1919"}],"wp:term":[{"taxonomy":"product_brand","embeddable":true,"href":"https:\/\/4h-jewellery-tutorials.com\/it\/wp-json\/wp\/v2\/product_brand?post=1919"},{"taxonomy":"product_cat","embeddable":true,"href":"https:\/\/4h-jewellery-tutorials.com\/it\/wp-json\/wp\/v2\/product_cat?post=1919"},{"taxonomy":"product_tag","embeddable":true,"href":"https:\/\/4h-jewellery-tutorials.com\/it\/wp-json\/wp\/v2\/product_tag?post=1919"}],"curies":[{"name":"wp","href":"https:\/\/api.w.org\/{rel}","templated":true}]}}